{"id":2707,"date":"2022-04-10T15:55:54","date_gmt":"2022-04-10T13:55:54","guid":{"rendered":"http:\/\/hortensiadz.com\/?post_type=product&#038;p=2707"},"modified":"2024-07-08T00:18:51","modified_gmt":"2024-07-07T22:18:51","slug":"star-navy-3","status":"publish","type":"product","link":"https:\/\/hortensiadz.com\/index.php\/product\/star-navy-3\/","title":{"rendered":"STAR NAVY"},"content":{"rendered":"<p><span style=\"font-weight: 400;\">DIMENSIONS<\/span><\/p>\n<table>\n<tbody>\n<tr>\n<td><span style=\"font-weight: 400;\">180*130 cm<\/span><\/td>\n<\/tr>\n<\/tbody>\n<\/table>\n<p><span style=\"font-weight: 400;\">\u00a0 \u00a0 \u00a0 \u00a0 \u00a0 \u00a0 \u00a0 \u00a0 \u00a0 \u00a0 \u00a0 \u00a0 \u00a0 \u00a0 \u00a0 \u00a0 \u00a0 plaid<\/span><\/p>\n<p>&nbsp;<\/p>\n<table>\n<tbody>\n<tr>\n<td><span style=\"font-weight: 400;\">50*50 cm<\/span><\/td>\n<\/tr>\n<\/tbody>\n<\/table>\n<p><span style=\"font-weight: 400;\"> \u00a0 \u00a0 \u00a0 \u00a0 \u00a0 \u00a0 \u00a0 \u00a0 \u00a0 \u00a0 \u00a0 \u00a0 \u00a0 \u00a0 \u00a0 \u00a0 \u00a0 coussin<\/span><\/p>\n<p>&nbsp;<\/p>\n<p><span style=\"font-weight: 400;\">MATI\u00c8RE :Plaid en piqu\u00e9 torsad\u00e9 couleur bleu marine avec bordures en velours mat couleur bleu marine<\/span><\/p>\n<p><span style=\"font-weight: 400;\">\u00a0\u00a0\u00a0\u00a0\u00a0\u00a0\u00a0\u00a0\u00a0\u00a0\u00a0\u00a0\u00a0\u00a0\u00a0\u00a0\u00a0\u00a0\u00a0Coussins en piqu\u00e9 torsad\u00e9 couleur bleu marine<\/span><\/p>\n","protected":false},"excerpt":{"rendered":"<ul>\n<li style=\"font-weight: 400;\" aria-level=\"1\"><span style=\"font-weight: 400;\">Un ensemble plaid en 03 pi\u00e8ces\u00a0<\/span><\/li>\n<\/ul>\n<p><span style=\"font-weight: 400;\">1 plaid en piqu\u00e9 couleur bleu marine avec bordure en velours<\/span><\/p>\n<p><span style=\"font-weight: 400;\">2 taies de\u00a0 coussin en piqu\u00e9 bleu marine<\/span><\/p>\n","protected":false},"featured_media":3080,"template":"","meta":{"jetpack_publicize_message":"","jetpack_is_tweetstorm":false,"jetpack_publicize_feature_enabled":true},"product_cat":[15],"product_tag":[],"_links":{"self":[{"href":"https:\/\/hortensiadz.com\/index.php\/wp-json\/wp\/v2\/product\/2707"}],"collection":[{"href":"https:\/\/hortensiadz.com\/index.php\/wp-json\/wp\/v2\/product"}],"about":[{"href":"https:\/\/hortensiadz.com\/index.php\/wp-json\/wp\/v2\/types\/product"}],"wp:featuredmedia":[{"embeddable":true,"href":"https:\/\/hortensiadz.com\/index.php\/wp-json\/wp\/v2\/media\/3080"}],"wp:attachment":[{"href":"https:\/\/hortensiadz.com\/index.php\/wp-json\/wp\/v2\/media?parent=2707"}],"wp:term":[{"taxonomy":"product_cat","embeddable":true,"href":"https:\/\/hortensiadz.com\/index.php\/wp-json\/wp\/v2\/product_cat?post=2707"},{"taxonomy":"product_tag","embeddable":true,"href":"https:\/\/hortensiadz.com\/index.php\/wp-json\/wp\/v2\/product_tag?post=2707"}],"curies":[{"name":"wp","href":"https:\/\/api.w.org\/{rel}","templated":true}]}}