{"id":7519,"date":"2026-04-22T15:40:05","date_gmt":"2026-04-22T13:40:05","guid":{"rendered":"https:\/\/hortensiadz.com\/?post_type=product&#038;p=7519"},"modified":"2026-04-22T20:00:58","modified_gmt":"2026-04-22T18:00:58","slug":"fira-terracotta-parure-housse-de-couette","status":"publish","type":"product","link":"https:\/\/hortensiadz.com\/index.php\/product\/fira-terracotta-parure-housse-de-couette\/","title":{"rendered":"FIRA Terracotta &#8211; PARURE HOUSSE DE COUETTE"},"content":{"rendered":"","protected":false},"excerpt":{"rendered":"<p>Parure housse de couette mod\u00e8le FIRA Terracotta en 6 pi\u00e8ces sur tissu 100% coton bio et brod\u00e9e au fil de soie en 2 tons nude et Terracotta<br \/>\n* 1 housse de couette brod\u00e9e (220*240cm ou 240*260cm)<br \/>\n* 2 taies d&rsquo;oreiller 50*70cm brod\u00e9es<br \/>\n* 2 taies d&rsquo;oreiller 50*70cm simples.<br \/>\n* 1 drap housse (king size ou queen size)<\/p>\n","protected":false},"featured_media":7528,"template":"","meta":{"jetpack_publicize_message":"","jetpack_is_tweetstorm":false,"jetpack_publicize_feature_enabled":true},"product_cat":[236],"product_tag":[],"_links":{"self":[{"href":"https:\/\/hortensiadz.com\/index.php\/wp-json\/wp\/v2\/product\/7519"}],"collection":[{"href":"https:\/\/hortensiadz.com\/index.php\/wp-json\/wp\/v2\/product"}],"about":[{"href":"https:\/\/hortensiadz.com\/index.php\/wp-json\/wp\/v2\/types\/product"}],"wp:featuredmedia":[{"embeddable":true,"href":"https:\/\/hortensiadz.com\/index.php\/wp-json\/wp\/v2\/media\/7528"}],"wp:attachment":[{"href":"https:\/\/hortensiadz.com\/index.php\/wp-json\/wp\/v2\/media?parent=7519"}],"wp:term":[{"taxonomy":"product_cat","embeddable":true,"href":"https:\/\/hortensiadz.com\/index.php\/wp-json\/wp\/v2\/product_cat?post=7519"},{"taxonomy":"product_tag","embeddable":true,"href":"https:\/\/hortensiadz.com\/index.php\/wp-json\/wp\/v2\/product_tag?post=7519"}],"curies":[{"name":"wp","href":"https:\/\/api.w.org\/{rel}","templated":true}]}}